{"id":705,"date":"2025-02-19T12:41:48","date_gmt":"2025-02-19T11:41:48","guid":{"rendered":"https:\/\/compare.home.pl\/autoinstalator\/wordpressplugins\/?page_id=705"},"modified":"2025-02-19T14:11:10","modified_gmt":"2025-02-19T13:11:10","slug":"rurki-led","status":"publish","type":"page","link":"https:\/\/compare.home.pl\/autoinstalator\/wordpressplugins\/rurki-led\/","title":{"rendered":"Rurki LED"},"content":{"rendered":"\n<div class=\"wp-block-columns is-layout-flex wp-container-core-columns-is-layout-8f761849 wp-block-columns-is-layout-flex\">\n<div class=\"wp-block-column is-layout-flow wp-block-column-is-layout-flow\" style=\"flex-basis:50%\"><style type=\"text\/css\">\n#foogallery-gallery-716 .fg-image { width: 640px; }<\/style>\n\t\t\t<div class=\"foogallery foogallery-container foogallery-image-viewer foogallery-link-image foogallery-lightbox-foogallery fg-left fg-image-viewer fg-ready fg-light fg-border-thin fg-shadow-outline fg-loading-default fg-loaded-fade-in fg-caption-hover fg-hover-fade fg-hover-zoom\" id=\"foogallery-gallery-716\" data-foogallery=\"{&quot;item&quot;:{&quot;showCaptionTitle&quot;:true,&quot;showCaptionDescription&quot;:true},&quot;lazy&quot;:true,&quot;template&quot;:{&quot;loop&quot;:true}}\" data-foogallery-lightbox=\"{&quot;thumbs&quot;:&quot;bottom&quot;,&quot;thumbsCaptions&quot;:false,&quot;thumbsBestFit&quot;:false,&quot;thumbsSmall&quot;:false,&quot;thumbsCaptionsAlign&quot;:&quot;default&quot;,&quot;info&quot;:&quot;bottom&quot;,&quot;infoVisible&quot;:true,&quot;infoOverlay&quot;:true,&quot;infoAlign&quot;:&quot;default&quot;,&quot;transition&quot;:&quot;fade&quot;,&quot;hoverButtons&quot;:false,&quot;fitMedia&quot;:false,&quot;noScrollbars&quot;:true,&quot;preserveButtonSpace&quot;:true,&quot;buttons&quot;:{&quot;fullscreen&quot;:true,&quot;info&quot;:true,&quot;thumbs&quot;:false},&quot;video&quot;:{&quot;autoPlay&quot;:true}}\" style=\"--fg-title-line-clamp: 0; --fg-description-line-clamp: 0;\" >\n\t<div class=\"fiv-inner\">\n\t\t<div class=\"fiv-inner-container\">\n\t\t\t<div class=\"fg-item fg-type-image fg-idle\"><figure class=\"fg-item-inner\"><a href=\"https:\/\/compare.home.pl\/autoinstalator\/wordpressplugins\/wp-content\/uploads\/2025\/02\/rurka_skladowe.jpg\" data-caption-title=\"Rurka LED - elementy sk\u0142adowe\" data-attachment-id=\"709\" data-type=\"image\" class=\"fg-thumb\"><span class=\"fg-image-wrap\"><img fetchpriority=\"high\" decoding=\"async\" alt=\"Rurka LED - elementy sk\u0142adowe\" title=\"Rurka LED - elementy sk\u0142adowe\" width=\"640\" height=\"360\" class=\"skip-lazy fg-image\" data-src-fg=\"https:\/\/compare.home.pl\/autoinstalator\/wordpressplugins\/wp-content\/uploads\/cache\/2025\/02\/rurka_skladowe\/3806415572.jpg\" src=\"data:image\/svg+xml,%3Csvg%20xmlns%3D%22http%3A%2F%2Fwww.w3.org%2F2000%2Fsvg%22%20width%3D%22640%22%20height%3D%22360%22%20viewBox%3D%220%200%20640%20360%22%3E%3C%2Fsvg%3E\" loading=\"eager\"><\/span><span class=\"fg-image-overlay\"><\/span><\/a><figcaption class=\"fg-caption\"><div class=\"fg-caption-inner\"><div class=\"fg-caption-title\">Rurka LED &#8211; elementy sk\u0142adowe<\/div><\/div><\/figcaption><\/figure><div class=\"fg-loader\"><\/div><\/div><div class=\"fg-item fg-type-image fg-idle\"><figure class=\"fg-item-inner\"><a href=\"https:\/\/compare.home.pl\/autoinstalator\/wordpressplugins\/wp-content\/uploads\/2025\/02\/rurka_kabel_logo.jpg\" data-attachment-id=\"708\" data-type=\"image\" class=\"fg-thumb\"><span class=\"fg-image-wrap\"><img decoding=\"async\" width=\"640\" height=\"360\" class=\"skip-lazy fg-image\" data-src-fg=\"https:\/\/compare.home.pl\/autoinstalator\/wordpressplugins\/wp-content\/uploads\/cache\/2025\/02\/rurka_kabel_logo\/1338211164.jpg\" src=\"data:image\/svg+xml,%3Csvg%20xmlns%3D%22http%3A%2F%2Fwww.w3.org%2F2000%2Fsvg%22%20width%3D%22640%22%20height%3D%22360%22%20viewBox%3D%220%200%20640%20360%22%3E%3C%2Fsvg%3E\" loading=\"eager\"><\/span><span class=\"fg-image-overlay\"><\/span><\/a><\/figure><div class=\"fg-loader\"><\/div><\/div>\t\t<\/div>\n\t\t<div class=\"fiv-ctrls\">\n\t\t\t<button type=\"button\" class=\"fiv-prev\" title=\"Prev\"><span>Prev<\/span><\/button>\n\t\t\t<label class=\"fiv-count\"><span class=\"fiv-count-current\">1<\/span>of<span class=\"fiv-count-total\">2<\/span><\/label>\n\t\t\t<button type=\"button\" class=\"fiv-next\" title=\"Next\"><span>Next<\/span><\/button>\n\t\t<\/div>\n\t<\/div>\n<\/div><\/div>\n\n\n\n<div class=\"wp-block-column is-layout-flow wp-block-column-is-layout-flow\" style=\"flex-basis:50%\">\n<pre class=\"wp-block-preformatted\"><span style=\"font-size: 25px; text-align: justify;\"><strong>Rurki LED<\/strong><\/span><br>O\u015bwietlenie LED na miar\u0119 Twoich potrzeb. Dzi\u0119ki naszym komponentom mo\u017cesz samodzielnie zbudowa\u0107 \u015bwietl\u00f3wk\u0119 LED, kt\u00f3ra idealnie wpasuje si\u0119 w Twoje wn\u0119trze. Oferujemy wysokiej jako\u015bci rurki (mleczne i transparentne), uchwyty oraz zako\u0144czenia. Stw\u00f3rz w\u0142asne o\u015bwietlenie, kt\u00f3re b\u0119dzie Ci s\u0142u\u017cy\u0107 przez lata.<br>&nbsp;<\/pre>\n\n\n\n<div class=\"wp-block-buttons is-layout-flex wp-block-buttons-is-layout-flex\">\n<div class=\"wp-block-button is-style-fill\"><a class=\"wp-block-button__link wp-element-button\" href=\"https:\/\/sklep.compare.pl\/rurki-led-i-akcesoria,82,0.html\">Przejd\u017a do sklepu<\/a><\/div>\n<\/div>\n<\/div>\n<\/div>\n","protected":false},"excerpt":{"rendered":"<p>Rurki LEDO\u015bwietlenie LED na miar\u0119 Twoich potrzeb. Dzi\u0119ki naszym komponentom mo\u017cesz samodzielnie zbudowa\u0107 \u015bwietl\u00f3wk\u0119 LED, kt\u00f3ra idealnie wpasuje si\u0119 w Twoje wn\u0119trze. Oferujemy wysokiej jako\u015bci rurki (mleczne i transparentne), uchwyty oraz zako\u0144czenia. Stw\u00f3rz w\u0142asne o\u015bwietlenie, kt\u00f3re b\u0119dzie Ci s\u0142u\u017cy\u0107 przez lata.&nbsp;<\/p>\n","protected":false},"author":1,"featured_media":0,"parent":0,"menu_order":0,"comment_status":"closed","ping_status":"closed","template":"","meta":{"_seopress_robots_primary_cat":"","_seopress_titles_title":"","_seopress_titles_desc":"","_seopress_robots_index":"","_crdt_document":"","_kadence_starter_templates_imported_post":false,"_kad_post_transparent":"","_kad_post_title":"","_kad_post_layout":"","_kad_post_sidebar_id":"","_kad_post_content_style":"","_kad_post_vertical_padding":"","_kad_post_feature":"","_kad_post_feature_position":"","_kad_post_header":false,"_kad_post_footer":false,"footnotes":""},"class_list":["post-705","page","type-page","status-publish","hentry"],"_links":{"self":[{"href":"https:\/\/compare.home.pl\/autoinstalator\/wordpressplugins\/wp-json\/wp\/v2\/pages\/705","targetHints":{"allow":["GET"]}}],"collection":[{"href":"https:\/\/compare.home.pl\/autoinstalator\/wordpressplugins\/wp-json\/wp\/v2\/pages"}],"about":[{"href":"https:\/\/compare.home.pl\/autoinstalator\/wordpressplugins\/wp-json\/wp\/v2\/types\/page"}],"author":[{"embeddable":true,"href":"https:\/\/compare.home.pl\/autoinstalator\/wordpressplugins\/wp-json\/wp\/v2\/users\/1"}],"replies":[{"embeddable":true,"href":"https:\/\/compare.home.pl\/autoinstalator\/wordpressplugins\/wp-json\/wp\/v2\/comments?post=705"}],"version-history":[{"count":9,"href":"https:\/\/compare.home.pl\/autoinstalator\/wordpressplugins\/wp-json\/wp\/v2\/pages\/705\/revisions"}],"predecessor-version":[{"id":721,"href":"https:\/\/compare.home.pl\/autoinstalator\/wordpressplugins\/wp-json\/wp\/v2\/pages\/705\/revisions\/721"}],"wp:attachment":[{"href":"https:\/\/compare.home.pl\/autoinstalator\/wordpressplugins\/wp-json\/wp\/v2\/media?parent=705"}],"curies":[{"name":"wp","href":"https:\/\/api.w.org\/{rel}","templated":true}]}}