{"id":550,"date":"2025-02-05T14:43:56","date_gmt":"2025-02-05T13:43:56","guid":{"rendered":"https:\/\/compare.home.pl\/autoinstalator\/wordpressplugins\/?page_id=550"},"modified":"2025-02-11T14:23:21","modified_gmt":"2025-02-11T13:23:21","slug":"profile-na-zamowienie","status":"publish","type":"page","link":"https:\/\/compare.home.pl\/autoinstalator\/wordpressplugins\/profile-na-zamowienie\/","title":{"rendered":"Profile na zam\u00f3wienie"},"content":{"rendered":"\n<div class=\"wp-block-cover alignfull is-light has-custom-content-position is-position-top-left\"><span aria-hidden=\"true\" class=\"wp-block-cover__background has-background-dim-100 has-background-dim\" style=\"background-color:#ffffff\"><\/span><div class=\"wp-block-cover__inner-container is-layout-flow wp-block-cover-is-layout-flow\">\n<div class=\"wp-block-media-text is-stacked-on-mobile is-vertically-aligned-top is-image-fill-element\" style=\"grid-template-columns:56% auto\"><figure class=\"wp-block-media-text__media\"><img alt=\"\" loading=\"lazy\" decoding=\"async\" width=\"1024\" height=\"1024\" src=\"https:\/\/compare.home.pl\/autoinstalator\/wordpressplugins\/wp-content\/uploads\/2025\/02\/Gemini_Generated_Image_z8hc8vz8hc8vz8hc-1024x1024.jpg\" alt=\"\" class=\"wp-image-553 size-full\" style=\"object-position:50% 50%\" srcset=\"https:\/\/compare.home.pl\/autoinstalator\/wordpressplugins\/wp-content\/uploads\/2025\/02\/Gemini_Generated_Image_z8hc8vz8hc8vz8hc-1024x1024.jpg 1024w, https:\/\/compare.home.pl\/autoinstalator\/wordpressplugins\/wp-content\/uploads\/2025\/02\/Gemini_Generated_Image_z8hc8vz8hc8vz8hc-300x300.jpg 300w, https:\/\/compare.home.pl\/autoinstalator\/wordpressplugins\/wp-content\/uploads\/2025\/02\/Gemini_Generated_Image_z8hc8vz8hc8vz8hc-150x150.jpg 150w, https:\/\/compare.home.pl\/autoinstalator\/wordpressplugins\/wp-content\/uploads\/2025\/02\/Gemini_Generated_Image_z8hc8vz8hc8vz8hc-768x768.jpg 768w, https:\/\/compare.home.pl\/autoinstalator\/wordpressplugins\/wp-content\/uploads\/2025\/02\/Gemini_Generated_Image_z8hc8vz8hc8vz8hc-1536x1536.jpg 1536w, https:\/\/compare.home.pl\/autoinstalator\/wordpressplugins\/wp-content\/uploads\/2025\/02\/Gemini_Generated_Image_z8hc8vz8hc8vz8hc.jpg 2048w\" sizes=\"auto, (max-width: 1024px) 100vw, 1024px\" \/><\/figure><div class=\"wp-block-media-text__content\">\n<pre class=\"wp-block-preformatted\"><span style=\"font-size: 25px; text-align: justify;\"><strong>Profile na zam\u00f3wienie<\/strong><\/span><br>Na zlecenie klient\u00f3w podejmujemy si\u0119 realizacji r\u00f3\u017cnego rodzaju profili. Nasz\u0105 specjalno\u015bci\u0105 s\u0105 klosze do profili LED. Od prawie dziesi\u0119ciu lat dostarczamy produkty dla wiod\u0105cych marek krajowych jak i zagranicznych. Poza tym, wieloletnie do\u015bwiadczenie zespo\u0142u pracownik\u00f3w firmy COMPARE, oferuje klientom mo\u017cliwo\u015b\u0107 wykonania dowolnego profilu z tworzywa sztucznego. Pomagamy zaprojektowa\u0107 kszta\u0142t profilu oraz dobra\u0107 tworzywo z jakiego ma by\u0107 wykonany. Narz\u0119dzia do wyt\u0142aczania profili projektujemy i wykonujemy we w\u0142asnym zakresie, co pozwala znacznie obni\u017cy\u0107 koszty. Aktualnie produkujemy oko\u0142o 180 rodzaj\u00f3w r\u00f3\u017cnych profili z tworzyw sztucznych.<\/pre>\n<\/div><\/div>\n<\/div><\/div>\n\n\n\n<p class=\"wp-block-paragraph\"><\/p>\n","protected":false},"excerpt":{"rendered":"","protected":false},"author":1,"featured_media":0,"parent":0,"menu_order":0,"comment_status":"closed","ping_status":"closed","template":"","meta":{"_seopress_robots_primary_cat":"","_seopress_titles_title":"","_seopress_titles_desc":"","_seopress_robots_index":"","_crdt_document":"","_kadence_starter_templates_imported_post":false,"_kad_post_transparent":"","_kad_post_title":"","_kad_post_layout":"","_kad_post_sidebar_id":"","_kad_post_content_style":"","_kad_post_vertical_padding":"","_kad_post_feature":"","_kad_post_feature_position":"","_kad_post_header":false,"_kad_post_footer":false,"footnotes":""},"class_list":["post-550","page","type-page","status-publish","hentry"],"_links":{"self":[{"href":"https:\/\/compare.home.pl\/autoinstalator\/wordpressplugins\/wp-json\/wp\/v2\/pages\/550","targetHints":{"allow":["GET"]}}],"collection":[{"href":"https:\/\/compare.home.pl\/autoinstalator\/wordpressplugins\/wp-json\/wp\/v2\/pages"}],"about":[{"href":"https:\/\/compare.home.pl\/autoinstalator\/wordpressplugins\/wp-json\/wp\/v2\/types\/page"}],"author":[{"embeddable":true,"href":"https:\/\/compare.home.pl\/autoinstalator\/wordpressplugins\/wp-json\/wp\/v2\/users\/1"}],"replies":[{"embeddable":true,"href":"https:\/\/compare.home.pl\/autoinstalator\/wordpressplugins\/wp-json\/wp\/v2\/comments?post=550"}],"version-history":[{"count":4,"href":"https:\/\/compare.home.pl\/autoinstalator\/wordpressplugins\/wp-json\/wp\/v2\/pages\/550\/revisions"}],"predecessor-version":[{"id":632,"href":"https:\/\/compare.home.pl\/autoinstalator\/wordpressplugins\/wp-json\/wp\/v2\/pages\/550\/revisions\/632"}],"wp:attachment":[{"href":"https:\/\/compare.home.pl\/autoinstalator\/wordpressplugins\/wp-json\/wp\/v2\/media?parent=550"}],"curies":[{"name":"wp","href":"https:\/\/api.w.org\/{rel}","templated":true}]}}