{"id":44,"date":"2024-12-18T21:02:24","date_gmt":"2024-12-18T20:02:24","guid":{"rendered":"https:\/\/compare.home.pl\/autoinstalator\/wordpressplugins\/?page_id=44"},"modified":"2025-03-03T15:39:26","modified_gmt":"2025-03-03T14:39:26","slug":"rury-elektroinstalacyjne","status":"publish","type":"page","link":"https:\/\/compare.home.pl\/autoinstalator\/wordpressplugins\/profile-led-2\/rury-elektroinstalacyjne\/","title":{"rendered":"Rury elektroinstalacyjne"},"content":{"rendered":"\n<div style=\"height:var(--wp--preset--spacing--50)\" aria-hidden=\"true\" class=\"wp-block-spacer\"><\/div>\n\n\n\n<div class=\"wp-block-columns is-layout-flex wp-container-core-columns-is-layout-8f761849 wp-block-columns-is-layout-flex\">\n<div class=\"wp-block-column is-layout-flow wp-block-column-is-layout-flow\" style=\"flex-basis:66.66%\">\n<figure class=\"wp-block-image size-full\"><img alt=\"\" loading=\"lazy\" decoding=\"async\" width=\"1200\" height=\"320\" src=\"https:\/\/compare.home.pl\/autoinstalator\/wordpressplugins\/wp-content\/uploads\/2025\/01\/rurki_baner.jpg\" alt=\"\" class=\"wp-image-416\" srcset=\"https:\/\/compare.home.pl\/autoinstalator\/wordpressplugins\/wp-content\/uploads\/2025\/01\/rurki_baner.jpg 1200w, https:\/\/compare.home.pl\/autoinstalator\/wordpressplugins\/wp-content\/uploads\/2025\/01\/rurki_baner-300x80.jpg 300w, https:\/\/compare.home.pl\/autoinstalator\/wordpressplugins\/wp-content\/uploads\/2025\/01\/rurki_baner-1024x273.jpg 1024w, https:\/\/compare.home.pl\/autoinstalator\/wordpressplugins\/wp-content\/uploads\/2025\/01\/rurki_baner-768x205.jpg 768w\" sizes=\"auto, (max-width: 1200px) 100vw, 1200px\" \/><figcaption class=\"wp-element-caption\">Rura elektroinstalacyjna FI 16 wraz z osprz\u0119tem<\/figcaption><\/figure>\n\n\n\n<figure class=\"wp-block-table\"><table class=\"has-fixed-layout\"><tbody><tr><td><strong>Rurka elektroinstalacyjna<\/strong><\/td><td><strong>Oznaczenie<\/strong><\/td><td><strong>\u015arednica<\/strong><\/td><td><strong>Surowiec<\/strong><\/td><td><strong>D\u0142ugo\u015b\u0107 odcinka<\/strong><\/td><td><strong>Ilo\u015b\u0107 w opakowaniu<\/strong><\/td><\/tr><tr><td>fi 16<\/td><td>RL 16<\/td><td>16 mm<\/td><td>PVC<\/td><td>3m\/2m<\/td><td>25<\/td><\/tr><tr><td>fi 18<\/td><td>RL 18<\/td><td><br>18 mm<\/td><td><br>PVC<\/td><td>3m\/2m<\/td><td>25<\/td><\/tr><tr><td>fi 20<\/td><td>RL 20<\/td><td><br>20 mm<\/td><td><br>PVC<\/td><td>3m\/2m<\/td><td>25<\/td><\/tr><tr><td>fi 22<\/td><td>RL 22<\/td><td><br>22 mm<\/td><td><br>PVC<\/td><td>3m\/2m<\/td><td>20<\/td><\/tr><tr><td>fi 25<\/td><td>RL 25<\/td><td>25 mm<\/td><td>PVC<\/td><td><br>3m\/2m<\/td><td>20<\/td><\/tr><tr><td>fi 28<\/td><td>RL 28<\/td><td>28 mm<\/td><td>PVC<\/td><td><br>3m\/2m<\/td><td>15<\/td><\/tr><tr><td> fi 22<\/td><td>RL 32<\/td><td>32 mm<\/td><td>PVC<\/td><td><br>3m\/2m<\/td><td>15<\/td><\/tr><tr><td> fi 37<\/td><td>RL 37<\/td><td>37 mm<\/td><td>PVC<\/td><td><br>3m\/2m<\/td><td>10<\/td><\/tr><tr><td>fi 40<\/td><td>RL 40<\/td><td>40 mm<\/td><td>PVC<\/td><td>3m\/2m<\/td><td>10<\/td><\/tr><tr><td>fi 47<\/td><td>RL 47<\/td><td>47 mm<\/td><td>PVC<\/td><td>3m\/2m<\/td><td>7<\/td><\/tr><tr><td>fi 50<\/td><td>RL 50<\/td><td>50 mm<\/td><td>PVC<\/td><td>3m\/2m<\/td><td>7<\/td><\/tr><tr><td>fi 65<\/td><td>RL 65<\/td><td>65 mm<\/td><td>PVC<\/td><td>3m\/2m<\/td><td>7<\/td><\/tr><\/tbody><\/table><\/figure>\n<\/div>\n\n\n\n<div class=\"wp-block-column is-layout-flow wp-block-column-is-layout-flow\" style=\"flex-basis:33.33%\">\n<pre class=\"wp-block-preformatted\"><span style=\"font-size: 25px; text-align: justify;\"><strong>Rurki elektroinstalacyjne<\/strong><\/span> wykonane s\u0105 z twardego PCV i przeznaczone s\u0105 do prowadzenia instalacji wewn\u0105trz budynk\u00f3w.<br><br>Dodatkowe elementy takie jak z\u0142\u0105czki gi\u0119tkie oraz uchwyty, pozwalaj\u0105 na szybkie u\u0142o\u017cenie instalacji elektrycznej oraz<br>zapewniaj\u0105 jej ochron\u0119 elektryczn\u0105 i mechaniczn\u0105.<br><br>Rury wykonane s\u0105 z tworzywa bezpiecznego dla \u015brodowiska i spe\u0142niaj\u0105 wymagania bezpiecze\u0144stwa zawarte w dyrektywie Unii Europejskiej 73\/23\/EEC; 93\/68\/EEC. Posiadaj\u0105 znak bezpiecze\u0144stwa \"B\" oraz CE.<\/pre>\n<\/div>\n<\/div>\n\n\n\n<p class=\"wp-block-paragraph\"><\/p>\n","protected":false},"excerpt":{"rendered":"<p>Rurka elektroinstalacyjna Oznaczenie \u015arednica Surowiec D\u0142ugo\u015b\u0107 odcinka Ilo\u015b\u0107 w opakowaniu fi 16 RL 16 16 mm PVC 3m\/2m 25 fi 18 RL 18 18 mm PVC 3m\/2m 25 fi 20 RL 20 20 mm PVC 3m\/2m 25 fi 22 RL 22 22 mm PVC 3m\/2m 20 fi 25 RL 25 25 mm PVC 3m\/2m 20&#8230;<\/p>\n","protected":false},"author":1,"featured_media":16,"parent":341,"menu_order":0,"comment_status":"closed","ping_status":"closed","template":"","meta":{"_seopress_robots_primary_cat":"","_seopress_titles_title":"","_seopress_titles_desc":"","_seopress_robots_index":"","_crdt_document":"","_kadence_starter_templates_imported_post":false,"_kad_post_transparent":"","_kad_post_title":"","_kad_post_layout":"","_kad_post_sidebar_id":"","_kad_post_content_style":"","_kad_post_vertical_padding":"","_kad_post_feature":"","_kad_post_feature_position":"","_kad_post_header":false,"_kad_post_footer":false,"footnotes":""},"class_list":["post-44","page","type-page","status-publish","has-post-thumbnail","hentry"],"_links":{"self":[{"href":"https:\/\/compare.home.pl\/autoinstalator\/wordpressplugins\/wp-json\/wp\/v2\/pages\/44","targetHints":{"allow":["GET"]}}],"collection":[{"href":"https:\/\/compare.home.pl\/autoinstalator\/wordpressplugins\/wp-json\/wp\/v2\/pages"}],"about":[{"href":"https:\/\/compare.home.pl\/autoinstalator\/wordpressplugins\/wp-json\/wp\/v2\/types\/page"}],"author":[{"embeddable":true,"href":"https:\/\/compare.home.pl\/autoinstalator\/wordpressplugins\/wp-json\/wp\/v2\/users\/1"}],"replies":[{"embeddable":true,"href":"https:\/\/compare.home.pl\/autoinstalator\/wordpressplugins\/wp-json\/wp\/v2\/comments?post=44"}],"version-history":[{"count":58,"href":"https:\/\/compare.home.pl\/autoinstalator\/wordpressplugins\/wp-json\/wp\/v2\/pages\/44\/revisions"}],"predecessor-version":[{"id":726,"href":"https:\/\/compare.home.pl\/autoinstalator\/wordpressplugins\/wp-json\/wp\/v2\/pages\/44\/revisions\/726"}],"up":[{"embeddable":true,"href":"https:\/\/compare.home.pl\/autoinstalator\/wordpressplugins\/wp-json\/wp\/v2\/pages\/341"}],"wp:featuredmedia":[{"embeddable":true,"href":"https:\/\/compare.home.pl\/autoinstalator\/wordpressplugins\/wp-json\/wp\/v2\/media\/16"}],"wp:attachment":[{"href":"https:\/\/compare.home.pl\/autoinstalator\/wordpressplugins\/wp-json\/wp\/v2\/media?parent=44"}],"curies":[{"name":"wp","href":"https:\/\/api.w.org\/{rel}","templated":true}]}}